{"id":3,"date":"2020-10-29T11:52:14","date_gmt":"2020-10-29T09:52:14","guid":{"rendered":"https:\/\/goofy-feynman.152-53-244-171.plesk.page\/?page_id=3"},"modified":"2023-04-19T10:24:57","modified_gmt":"2023-04-19T07:24:57","slug":"tietosuojaseloste","status":"publish","type":"page","link":"https:\/\/goofy-feynman.152-53-244-171.plesk.page\/?page_id=3","title":{"rendered":"Tietosuojaseloste"},"content":{"rendered":"\t\t<div data-elementor-type=\"wp-page\" data-elementor-id=\"3\" class=\"elementor elementor-3\" data-elementor-settings=\"[]\">\n\t\t\t\t\t\t<div class=\"elementor-inner\">\n\t\t\t\t\t\t\t<div class=\"elementor-section-wrap\">\n\t\t\t\t\t\t\t<section class=\"elementor-section elementor-top-section elementor-element elementor-element-26b522bf elementor-section-boxed elementor-section-height-default elementor-section-height-default\" data-id=\"26b522bf\" data-element_type=\"section\">\n\t\t\t\t\t\t<div class=\"elementor-container elementor-column-gap-default\">\n\t\t\t\t\t\t\t<div class=\"elementor-row\">\n\t\t\t\t\t<div class=\"elementor-column elementor-col-100 elementor-top-column elementor-element elementor-element-4ac3c215\" data-id=\"4ac3c215\" data-element_type=\"column\">\n\t\t\t<div class=\"elementor-column-wrap elementor-element-populated\">\n\t\t\t\t\t\t\t<div class=\"elementor-widget-wrap\">\n\t\t\t\t\t\t<div class=\"elementor-element elementor-element-76f0d76 elementor-widget elementor-widget-heading\" data-id=\"76f0d76\" data-element_type=\"widget\" data-widget_type=\"heading.default\">\n\t\t\t\t<div class=\"elementor-widget-container\">\n\t\t\t<h1 class=\"elementor-heading-title elementor-size-default\">Tietosuojaseloste<\/h1>\t\t<\/div>\n\t\t\t\t<\/div>\n\t\t\t\t<div class=\"elementor-element elementor-element-22c32307 elementor-widget elementor-widget-text-editor\" data-id=\"22c32307\" data-element_type=\"widget\" data-widget_type=\"text-editor.default\">\n\t\t\t\t<div class=\"elementor-widget-container\">\n\t\t\t\t\t\t\t\t<div class=\"elementor-text-editor elementor-clearfix\">\n\t\t\t\t<h6><a href=\"https:\/\/www.mastermark.fi\/media\/filer\/2021\/05\/19\/tietosuojaseloste_mastermark_asiakasrekisteri_20210518.pdf\" target=\"_blank\" rel=\"noopener\">Tietosuojaseloste &#8211; asiakasrekisteri<\/a><\/h6>\n<h6><a href=\"https:\/\/www.mastermark.fi\/media\/filer\/2021\/05\/19\/tietosuojaseloste_mastermark_verkkovierailurekisteri_20210518.pdf\" target=\"_blank\" rel=\"noopener\">Tietosuojaseloste &#8211; verkkovierailurekisteri<\/a><\/h6>\n<h6><a href=\"https:\/\/www.mastermark.fi\/media\/filer\/2021\/05\/19\/tietosuojaseloste_mastermark_uutiskirjerekisteri_20210518.pdf\" target=\"_blank\" rel=\"noopener\">Tietosuojaseloste &#8211; uutiskirjerekisteri<\/a><\/h6>\n<h6><a href=\"https:\/\/www.mastermark.fi\/media\/filer\/2021\/05\/19\/tietosuojaseloste_mastermark_prospektin_ja_potentiaaliset_asiakkaat_20210518.pdf\" target=\"_blank\" rel=\"noopener\">Tietosuojaseloste &#8211; prospektit ja potentiaaliset asiakkaat<\/a><\/h6>\n<h6><a href=\"https:\/\/www.mastermark.fi\/media\/filer\/2021\/05\/19\/tietosuojaseloste_mastermark_sahkoisen_viestinnan_rekisteri_20210518.pdf\" target=\"_blank\" rel=\"noopener\">Tietosuojaseloste &#8211; s\u00e4hk\u00f6isen viestinn\u00e4n rekisteri<\/a><\/h6>\n\n<!-- wp:image {\"id\":3064,\"width\":143,\"height\":143,\"sizeSlug\":\"full\",\"linkDestination\":\"none\"} -->\n<figure class=\"wp-block-image size-full is-resized\"><img loading=\"lazy\" decoding=\"async\" src=\"https:\/\/goofy-feynman.152-53-244-171.plesk.page\/wp-content\/uploads\/2023\/04\/gdpr_tarkastettu_d-fence_2021.png__570x570_q85_crop-smart_upscale.png\" alt=\"\" class=\"wp-image-3064\" width=\"143\" height=\"143\" srcset=\"https:\/\/goofy-feynman.152-53-244-171.plesk.page\/wp-content\/uploads\/2023\/04\/gdpr_tarkastettu_d-fence_2021.png__570x570_q85_crop-smart_upscale.png 570w, https:\/\/goofy-feynman.152-53-244-171.plesk.page\/wp-content\/uploads\/2023\/04\/gdpr_tarkastettu_d-fence_2021.png__570x570_q85_crop-smart_upscale-300x300.png 300w, https:\/\/goofy-feynman.152-53-244-171.plesk.page\/wp-content\/uploads\/2023\/04\/gdpr_tarkastettu_d-fence_2021.png__570x570_q85_crop-smart_upscale-150x150.png 150w\" sizes=\"auto, (max-width: 143px) 100vw, 143px\" \/><\/figure>\n<!-- \/wp:image -->\t\t\t\t\t<\/div>\n\t\t\t\t\t\t<\/div>\n\t\t\t\t<\/div>\n\t\t\t\t\t\t<\/div>\n\t\t\t\t\t<\/div>\n\t\t<\/div>\n\t\t\t\t\t\t\t\t<\/div>\n\t\t\t\t\t<\/div>\n\t\t<\/section>\n\t\t\t\t\t\t<\/div>\n\t\t\t\t\t\t<\/div>\n\t\t\t\t\t<\/div>\n\t\t","protected":false},"excerpt":{"rendered":"<p>Tietosuojaseloste Tietosuojaseloste &#8211; asiakasrekisteri Tietosuojaseloste &#8211; verkkovierailurekisteri Tietosuojaseloste &#8211; uutiskirjerekisteri Tietosuojaseloste &#8211; prospektit ja potentiaaliset asiakkaat Tietosuojaseloste &#8211; s\u00e4hk\u00f6isen viestinn\u00e4n rekisteri<\/p>\n","protected":false},"author":1,"featured_media":0,"parent":0,"menu_order":0,"comment_status":"closed","ping_status":"open","template":"","meta":{"footnotes":""},"class_list":["post-3","page","type-page","status-publish","hentry"],"_links":{"self":[{"href":"https:\/\/goofy-feynman.152-53-244-171.plesk.page\/index.php?rest_route=\/wp\/v2\/pages\/3","targetHints":{"allow":["GET"]}}],"collection":[{"href":"https:\/\/goofy-feynman.152-53-244-171.plesk.page\/index.php?rest_route=\/wp\/v2\/pages"}],"about":[{"href":"https:\/\/goofy-feynman.152-53-244-171.plesk.page\/index.php?rest_route=\/wp\/v2\/types\/page"}],"author":[{"embeddable":true,"href":"https:\/\/goofy-feynman.152-53-244-171.plesk.page\/index.php?rest_route=\/wp\/v2\/users\/1"}],"replies":[{"embeddable":true,"href":"https:\/\/goofy-feynman.152-53-244-171.plesk.page\/index.php?rest_route=%2Fwp%2Fv2%2Fcomments&post=3"}],"version-history":[{"count":4,"href":"https:\/\/goofy-feynman.152-53-244-171.plesk.page\/index.php?rest_route=\/wp\/v2\/pages\/3\/revisions"}],"predecessor-version":[{"id":3069,"href":"https:\/\/goofy-feynman.152-53-244-171.plesk.page\/index.php?rest_route=\/wp\/v2\/pages\/3\/revisions\/3069"}],"wp:attachment":[{"href":"https:\/\/goofy-feynman.152-53-244-171.plesk.page\/index.php?rest_route=%2Fwp%2Fv2%2Fmedia&parent=3"}],"curies":[{"name":"wp","href":"https:\/\/api.w.org\/{rel}","templated":true}]}}